{"id":15,"date":"2014-08-14T15:34:48","date_gmt":"2014-08-14T13:34:48","guid":{"rendered":"http:\/\/test.ingo-rehorn.de\/wp1\/?page_id=15"},"modified":"2021-10-28T16:42:26","modified_gmt":"2021-10-28T14:42:26","slug":"otto","status":"publish","type":"page","link":"https:\/\/ingo-rehorn.de\/","title":{"rendered":"Herzlich willkommen"},"content":{"rendered":"<p><a href=\"http:\/\/ingo-rehorn.de\/wp-content\/uploads\/2014\/08\/ingo-rehorn.jpg\"><img loading=\"lazy\" class=\"wp-image-123 size-full alignright\" src=\"http:\/\/ingo-rehorn.de\/wp-content\/uploads\/2014\/08\/ingo-rehorn.jpg\" alt=\"\" width=\"200\" height=\"133\" \/><\/a>Gerne m\u00f6chte ich mich Ihnen vorstellen. Mein Name ist Dr. Ingo Rehorn.<\/p>\n<p>Als Spezialist f\u00fcr den maschinentechnischen Bereich im Spezialtiefbau arbeite ich seit \u00fcber 20 Jahren erfolgreich als Gutachter, Berater, Unternehmer und Projektentwickler und bin heute ein vision\u00e4rer Berater bei nationalen &amp; internationalen Bauprojekten.<\/p>\n<p>Mein Mehrwert f\u00fcr Sie:<\/p>\n<ul>\n<li>Konstruktion und Fertigung von Ger\u00e4ten, Ausr\u00fcstungen und Werkzeugen f\u00fcr den Spezialtiefbau<\/li>\n<li>Reparaturen und Modifikationen von Ausr\u00fcstungen und Werkzeugen<\/li>\n<li>Verkauf und Vermittlung von neuen und gebrauchten Ger\u00e4ten, Ausr\u00fcstungen und Werkzeugen<\/li>\n<li>Lieferung von Einzel-, Ersatz- und Verschlei\u00dfteilen<\/li>\n<\/ul>\n<p>Gerne unterst\u00fctze ich Sie auch bei Ihrem Bauprojekt!<br \/>\n<em><strong><br \/>\nIhr Dr. Ingo Rehorn<\/strong><\/em><\/p>\n","protected":false},"excerpt":{"rendered":"<p>Gerne m\u00f6chte ich mich Ihnen vorstellen. Mein Name ist Dr. Ingo Rehorn. Als Spezialist f\u00fcr den maschinentechnischen Bereich im Spezialtiefbau arbeite ich seit \u00fcber 20 Jahren erfolgreich als Gutachter, Berater, Unternehmer und Projektentwickler und bin heute ein vision\u00e4rer Berater bei nationalen &amp; internationalen Bauprojekten. Mein Mehrwert f\u00fcr Sie: Konstruktion und Fertigung von Ger\u00e4ten, Ausr\u00fcstungen und [&hellip;]<\/p>\n","protected":false},"author":1,"featured_media":0,"parent":0,"menu_order":2,"comment_status":"closed","ping_status":"closed","template":"","meta":[],"_links":{"self":[{"href":"https:\/\/ingo-rehorn.de\/index.php?rest_route=\/wp\/v2\/pages\/15"}],"collection":[{"href":"https:\/\/ingo-rehorn.de\/index.php?rest_route=\/wp\/v2\/pages"}],"about":[{"href":"https:\/\/ingo-rehorn.de\/index.php?rest_route=\/wp\/v2\/types\/page"}],"author":[{"embeddable":true,"href":"https:\/\/ingo-rehorn.de\/index.php?rest_route=\/wp\/v2\/users\/1"}],"replies":[{"embeddable":true,"href":"https:\/\/ingo-rehorn.de\/index.php?rest_route=%2Fwp%2Fv2%2Fcomments&post=15"}],"version-history":[{"count":10,"href":"https:\/\/ingo-rehorn.de\/index.php?rest_route=\/wp\/v2\/pages\/15\/revisions"}],"predecessor-version":[{"id":277,"href":"https:\/\/ingo-rehorn.de\/index.php?rest_route=\/wp\/v2\/pages\/15\/revisions\/277"}],"wp:attachment":[{"href":"https:\/\/ingo-rehorn.de\/index.php?rest_route=%2Fwp%2Fv2%2Fmedia&parent=15"}],"curies":[{"name":"wp","href":"https:\/\/api.w.org\/{rel}","templated":true}]}}