{"id":27,"date":"2014-08-14T16:35:36","date_gmt":"2014-08-14T14:35:36","guid":{"rendered":"http:\/\/test.ingo-rehorn.de\/wp1\/?page_id=27"},"modified":"2016-03-04T19:19:50","modified_gmt":"2016-03-04T17:19:50","slug":"rammverfahren","status":"publish","type":"page","link":"https:\/\/ingo-rehorn.de\/?page_id=27","title":{"rendered":"Produkte"},"content":{"rendered":"<div id=\"pl-27\"  class=\"panel-layout\" ><div id=\"pg-27-0\"  class=\"panel-grid panel-no-style\" ><div id=\"pgc-27-0-0\"  class=\"panel-grid-cell\" ><div id=\"panel-27-0-0-0\" class=\"so-panel widget widget_text panel-first-child panel-last-child\" data-index=\"0\" ><h3 class=\"widget-title\">Werkzeuge und Ausr\u00fcstungen f\u00fcr &#8230;<\/h3>\t\t\t<div class=\"textwidget\"><\/div>\n\t\t<\/div><\/div><\/div><div id=\"pg-27-1\"  class=\"panel-grid panel-no-style\" ><div id=\"pgc-27-1-0\"  class=\"panel-grid-cell\" ><div id=\"panel-27-1-0-0\" class=\"so-panel widget widget_circleicon-widget panel-first-child\" data-index=\"1\" >\t\t<div class=\"circle-icon-box circle-icon-position-left circle-icon-hide-box circle-icon-size-small\">\n\t\t\t<div class=\"circle-icon-wrapper\">\n                \t\t\t\t<div class=\"circle-icon\" style=\"background-color: #0077b1\">\n\t\t\t\t\t<div class=\"fa fa-arrow-right\"><\/div>\t\t\t\t<\/div>\n                \t\t\t<\/div>\n\n            \t\t\t<h4>Kelly-Bohrverfahren<\/h4>            \n\t\t\t\t\t\t\t\t\t\t<a href=\"https:\/\/ingo-rehorn.de\/?page_id=37\" class=\"more-button\">weiterlesen <i><\/i><\/a>\n\t\t\t\t\t<\/div>\n\t\t<\/div><div id=\"panel-27-1-0-1\" class=\"so-panel widget widget_circleicon-widget\" data-index=\"2\" >\t\t<div class=\"circle-icon-box circle-icon-position-left circle-icon-hide-box circle-icon-size-small\">\n\t\t\t<div class=\"circle-icon-wrapper\">\n                \t\t\t\t<div class=\"circle-icon\" style=\"background-color: #0077b1\">\n\t\t\t\t\t<div class=\"fa fa-arrow-right\"><\/div>\t\t\t\t<\/div>\n                \t\t\t<\/div>\n\n            \t\t\t<h4>Doppelkopf<\/h4>            \n\t\t\t\t\t\t\t\t\t\t<a href=\"https:\/\/ingo-rehorn.de\/?page_id=31\" class=\"more-button\">weiterlesen <i><\/i><\/a>\n\t\t\t\t\t<\/div>\n\t\t<\/div><div id=\"panel-27-1-0-2\" class=\"so-panel widget widget_circleicon-widget\" data-index=\"3\" >\t\t<div class=\"circle-icon-box circle-icon-position-left circle-icon-hide-box circle-icon-size-small\">\n\t\t\t<div class=\"circle-icon-wrapper\">\n                \t\t\t\t<div class=\"circle-icon\" style=\"background-color: #0077b1\">\n\t\t\t\t\t<div class=\"fa fa-arrow-right\"><\/div>\t\t\t\t<\/div>\n                \t\t\t<\/div>\n\n            \t\t\t<h4>Verdr\u00e4nger-Rammsystem<\/h4>            \n\t\t\t\t\t\t\t\t\t\t<a href=\"https:\/\/ingo-rehorn.de\/?page_id=41\" class=\"more-button\">weiterlesen <i><\/i><\/a>\n\t\t\t\t\t<\/div>\n\t\t<\/div><div id=\"panel-27-1-0-3\" class=\"so-panel widget widget_circleicon-widget panel-last-child\" data-index=\"4\" >\t\t<div class=\"circle-icon-box circle-icon-position-left circle-icon-hide-box circle-icon-size-small\">\n\t\t\t<div class=\"circle-icon-wrapper\">\n                \t\t\t\t<div class=\"circle-icon\" style=\"background-color: #0077b1\">\n\t\t\t\t\t<div class=\"fa fa-arrow-right\"><\/div>\t\t\t\t<\/div>\n                \t\t\t<\/div>\n\n            \t\t\t<h4>Ger\u00e4te<\/h4>            \n\t\t\t\t\t\t\t\t\t\t<a href=\"https:\/\/ingo-rehorn.de\/?page_id=239\" class=\"more-button\">weiterlesen <i><\/i><\/a>\n\t\t\t\t\t<\/div>\n\t\t<\/div><\/div><div id=\"pgc-27-1-1\"  class=\"panel-grid-cell\" ><div id=\"panel-27-1-1-0\" class=\"so-panel widget widget_circleicon-widget panel-first-child\" data-index=\"5\" >\t\t<div class=\"circle-icon-box circle-icon-position-left circle-icon-hide-box circle-icon-size-small\">\n\t\t\t<div class=\"circle-icon-wrapper\">\n                \t\t\t\t<div class=\"circle-icon\" style=\"background-color: #0077b1\">\n\t\t\t\t\t<div class=\"fa fa-arrow-right\"><\/div>\t\t\t\t<\/div>\n                \t\t\t<\/div>\n\n            \t\t\t<h4>Endlosschnecke<\/h4>            \n\t\t\t\t\t\t\t\t\t\t<a href=\"https:\/\/ingo-rehorn.de\/?page_id=35\" class=\"more-button\">weiterlesen <i><\/i><\/a>\n\t\t\t\t\t<\/div>\n\t\t<\/div><div id=\"panel-27-1-1-1\" class=\"so-panel widget widget_circleicon-widget\" data-index=\"6\" >\t\t<div class=\"circle-icon-box circle-icon-position-left circle-icon-hide-box circle-icon-size-small\">\n\t\t\t<div class=\"circle-icon-wrapper\">\n                \t\t\t\t<div class=\"circle-icon\" style=\"background-color: #0077b1\">\n\t\t\t\t\t<div class=\"fa fa-arrow-right\"><\/div>\t\t\t\t<\/div>\n                \t\t\t<\/div>\n\n            \t\t\t<h4>Verdr\u00e4nger-Bohren<\/h4>            \n\t\t\t\t\t\t\t\t\t\t<a href=\"https:\/\/ingo-rehorn.de\/?page_id=39\" class=\"more-button\">weiterlesen <i><\/i><\/a>\n\t\t\t\t\t<\/div>\n\t\t<\/div><div id=\"panel-27-1-1-2\" class=\"so-panel widget widget_circleicon-widget panel-last-child\" data-index=\"7\" >\t\t<div class=\"circle-icon-box circle-icon-position-left circle-icon-hide-box circle-icon-size-small\">\n\t\t\t<div class=\"circle-icon-wrapper\">\n                \t\t\t\t<div class=\"circle-icon\" style=\"background-color: #0077b1\">\n\t\t\t\t\t<div class=\"fa fa-arrow-right\"><\/div>\t\t\t\t<\/div>\n                \t\t\t<\/div>\n\n            \t\t\t<h4>Soll-Mixverfahren<\/h4>            \n\t\t\t\t\t\t\t\t\t\t<a href=\"https:\/\/ingo-rehorn.de\/?page_id=29\" class=\"more-button\">weiterlesen <i><\/i><\/a>\n\t\t\t\t\t<\/div>\n\t\t<\/div><\/div><\/div><\/div>","protected":false},"excerpt":{"rendered":"<p>Werkzeuge und Ausr\u00fcstungen f\u00fcr &#8230; Kelly-Bohrverfahren weiterlesen Doppelkopf weiterlesen Verdr\u00e4nger-Rammsystem weiterlesen Ger\u00e4te weiterlesen Endlosschnecke weiterlesen Verdr\u00e4nger-Bohren weiterlesen Soll-Mixverfahren weiterlesen<\/p>\n","protected":false},"author":1,"featured_media":0,"parent":0,"menu_order":0,"comment_status":"closed","ping_status":"closed","template":"","meta":[],"_links":{"self":[{"href":"https:\/\/ingo-rehorn.de\/index.php?rest_route=\/wp\/v2\/pages\/27"}],"collection":[{"href":"https:\/\/ingo-rehorn.de\/index.php?rest_route=\/wp\/v2\/pages"}],"about":[{"href":"https:\/\/ingo-rehorn.de\/index.php?rest_route=\/wp\/v2\/types\/page"}],"author":[{"embeddable":true,"href":"https:\/\/ingo-rehorn.de\/index.php?rest_route=\/wp\/v2\/users\/1"}],"replies":[{"embeddable":true,"href":"https:\/\/ingo-rehorn.de\/index.php?rest_route=%2Fwp%2Fv2%2Fcomments&post=27"}],"version-history":[{"count":31,"href":"https:\/\/ingo-rehorn.de\/index.php?rest_route=\/wp\/v2\/pages\/27\/revisions"}],"predecessor-version":[{"id":246,"href":"https:\/\/ingo-rehorn.de\/index.php?rest_route=\/wp\/v2\/pages\/27\/revisions\/246"}],"wp:attachment":[{"href":"https:\/\/ingo-rehorn.de\/index.php?rest_route=%2Fwp%2Fv2%2Fmedia&parent=27"}],"curies":[{"name":"wp","href":"https:\/\/api.w.org\/{rel}","templated":true}]}}